{"id":234,"date":"2019-01-10T13:10:20","date_gmt":"2019-01-10T13:10:20","guid":{"rendered":"http:\/\/hogargas.es\/home\/?page_id=234"},"modified":"2021-05-27T06:57:35","modified_gmt":"2021-05-27T06:57:35","slug":"revisiones-periodicas-gas","status":"publish","type":"page","link":"https:\/\/hogargas.es\/home\/revisiones-periodicas-gas\/","title":{"rendered":"Revisiones peri\u00f3dicas"},"content":{"rendered":"[mk_page_section bg_image=\u00bbhttps:\/\/hogargas.es\/home\/wp-content\/uploads\/2019\/04\/natural-gas-burner-flame-on-stove-f69bauy.jpg\u00bb bg_repeat=\u00bbno-repeat\u00bb bg_stretch=\u00bbtrue\u00bb enable_3d=\u00bbtrue\u00bb min_height=\u00bb350&#8243; full_width=\u00bbtrue\u00bb js_vertical_centered=\u00bbtrue\u00bb el_class=\u00bbsombra\u00bb sidebar=\u00bbsidebar-1&#8243;][vc_column][vc_row_inner][vc_column_inner][mk_fancy_title tag_name=\u00bbh1&#8243; font_family=\u00bbnone\u00bb]\n<h1 style=\"text-align: center;\"><span style=\"color: #ffffff;\">Revisi\u00f3n Peri\u00f3dica de Gas Butano<\/span><\/h1>\n[\/mk_fancy_title][mk_button size=\u00bblarge\u00bb url=\u00bb#revi\u00bb align=\u00bbcenter\u00bb bg_color=\u00bb#ff8601&#8243;]SOLICITAR REVISI\u00d3N[\/mk_button][\/vc_column_inner][\/vc_row_inner][\/vc_column][\/mk_page_section][vc_row css=\u00bb.vc_custom_1556624027915{padding-top: 50px !important;}\u00bb][vc_column][vc_row_inner css=\u00bb.vc_custom_1556623984508{padding-top: 50px !important;}\u00bb][vc_column_inner width=\u00bb1\/2&#8243;][vc_single_image image=\u00bb524&#8243; img_size=\u00bblarge\u00bb alignment=\u00bbcenter\u00bb style=\u00bbvc_box_shadow_3d\u00bb][\/vc_column_inner][vc_column_inner width=\u00bb1\/2&#8243;][mk_fancy_title font_family=\u00bbnone\u00bb]\n<h2><span style=\"color: #163392;\">Servicios de Mantenimiento de Instalaciones de Gas Envasado<\/span><\/h2>\n[\/mk_fancy_title][mk_fancy_title tag_name=\u00bbspan\u00bb size=\u00bb18&#8243; font_family=\u00bbnone\u00bb]La normativa vigente, seg\u00fan RD 919\/2006, establece que el titular del contrato de suministro, o en su defecto el usuario, es el responsable del mantenimiento de la instalaci\u00f3n receptora de gas y de su buen estado de conservaci\u00f3n, estando obligado a realizar una revisi\u00f3n cada 5 a\u00f1os.[\/mk_fancy_title][\/vc_column_inner][\/vc_row_inner][vc_row_inner css=\u00bb.vc_custom_1556623177858{padding-top: 50px !important;padding-bottom: 50px !important;}\u00bb][vc_column_inner width=\u00bb1\/2&#8243;][vc_single_image image=\u00bb523&#8243; img_size=\u00bb200&#215;200&#8243; alignment=\u00bbcenter\u00bb style=\u00bbvc_box_shadow_circle\u00bb][mk_fancy_title tag_name=\u00bbspan\u00bb color=\u00bb#777777&#8243; size=\u00bb18&#8243; font_family=\u00bbnone\u00bb]Si su revisi\u00f3n ha caducado deber\u00eda llevarla a cabo, y recuerde:[\/mk_fancy_title][mk_custom_list]\n<ul>\n<li>Un cambio de gomas\u00a0<strong>no<\/strong>\u00a0es una revisi\u00f3n reglamentaria<\/li>\n<li>El regulador\u00a0<strong>no tiene fecha de caducidad<\/strong><\/li>\n<li>No deje de entrar a nadie en su domicilio si usted no le ha llamado<\/li>\n<\/ul>\n[\/mk_custom_list][\/vc_column_inner][vc_column_inner width=\u00bb1\/2&#8243;][vc_single_image image=\u00bb527&#8243; img_size=\u00bb200&#215;200&#8243; alignment=\u00bbcenter\u00bb style=\u00bbvc_box_shadow_circle\u00bb][mk_fancy_title tag_name=\u00bbspan\u00bb color=\u00bb#777777&#8243; size=\u00bb18&#8243; font_family=\u00bbnone\u00bb]Contacte con nosotros para hacer la revisi\u00f3n de su instalaci\u00f3n:<br \/>\n[\/mk_fancy_title][mk_custom_list]\n<ul>\n<li>Somos el\u00a0<strong>servicio oficial<\/strong>\u00a0de\u00a0<strong>Repsol Butano<\/strong><\/li>\n<li>Con las mejores\u00a0<strong>ventajas y garant\u00edas<\/strong><\/li>\n<\/ul>\n[\/mk_custom_list][\/vc_column_inner][\/vc_row_inner][vc_row_inner][vc_column_inner][vc_column_text css=\u00bb.vc_custom_1556530592093{margin-bottom: 0px !important;}\u00bb]<strong>En esta tabla le especificamos los distintos servicios que incluye su paquete de mantenimiento, tanto el b\u00e1sico como el PLUS:<\/strong>[\/vc_column_text][mk_table]\n<table class=\"blueTable\">\n<thead>\n<tr>\n<th>SERVICIOS DE MANTENIMIENTO DE INSTALACIONES DE GAS ENVASADO<\/th>\n<th><strong>SERVICIO DE MANTENIMIENTO B\u00c1SICO<\/strong><\/th>\n<th><strong>SERVICIO DE MANTENIMIENTO PLUS<\/strong><\/th>\n<\/tr>\n<\/thead>\n<tbody>\n<tr>\n<td>Periodicidad de Renovaci\u00f3n del Servicio de Mantenimiento Obligatorio<\/td>\n<td>Cada 5 a\u00f1os<\/td>\n<td>Cada 5 a\u00f1os<\/td>\n<\/tr>\n<tr>\n<td>Entrega de Certificado Oficial de Revisi\u00f3n<\/td>\n<td>S\u00ed<\/td>\n<td>S\u00ed<\/td>\n<\/tr>\n<tr>\n<td>Control preventivo anual<\/td>\n<td>&#8211;<\/td>\n<td>S\u00ed<\/td>\n<\/tr>\n<tr>\n<td>Importe de la P\u00f3liza de Seguro suscrita por Repsol Butano a favor del Cliente<\/td>\n<td>6.000\u20ac<\/td>\n<td>30.000\u20ac<\/td>\n<\/tr>\n<tr>\n<td>Posibilidad de domiciliaci\u00f3n bancaria<\/td>\n<td>&#8211;<\/td>\n<td>S\u00ed<\/td>\n<\/tr>\n<\/tbody>\n<\/table>\n[\/mk_table][mk_table]\n<table class=\"blueTable\">\n<thead>\n<tr>\n<th><strong>SERVICIO DE ATENCI\u00d3N DE AVER\u00cdAS QUE INCLUYE CADA SERVICIO DE MANTENIMIENTO<\/strong><\/th>\n<th><strong>SERVICIO DE MANTENIMIENTO B\u00c1SICO<\/strong><\/th>\n<th><strong>SERVICIO DE MANTENIMIENTO PLUS<\/strong><\/th>\n<\/tr>\n<\/thead>\n<tbody>\n<tr>\n<td>Periodicidad de Renovaci\u00f3n del Servicio de Mantenimiento Obligatorio<\/td>\n<td>S\u00ed<\/td>\n<td>S\u00ed<\/td>\n<\/tr>\n<tr>\n<td>Gratuidad en desplazamiento para la atenci\u00f3n de Aver\u00edas<\/td>\n<td>&#8211;<\/td>\n<td>S\u00ed<\/td>\n<\/tr>\n<tr>\n<td>Gratuidad en mano de obra derivada de la Atenci\u00f3n de Aver\u00edas<\/td>\n<td>&#8211;<\/td>\n<td>3 primeras horas<\/td>\n<\/tr>\n<tr>\n<td>Compromiso de Atenci\u00f3n de Aver\u00edas en menos de 2 horas (3 horas fuera de horario comercial)<\/td>\n<td>&#8211;<\/td>\n<td>S\u00ed<\/td>\n<\/tr>\n<tr>\n<td>Un cambio de tubo flexible y regulador gratuitos<\/td>\n<td>&#8211;<\/td>\n<td>S\u00ed<\/td>\n<\/tr>\n<\/tbody>\n<\/table>\n[\/mk_table][\/vc_column_inner][\/vc_row_inner][vc_column_text css=\u00bb.vc_custom_1556530127793{margin-bottom: 0px !important;}\u00bb]Pen\u00ednsula y Baleares*[\/vc_column_text][\/vc_column][\/vc_row][vc_row fullwidth=\u00bbtrue\u00bb fullwidth_content=\u00bbfalse\u00bb id=\u00bbrevi\u00bb css=\u00bb.vc_custom_1556796770582{background-color: #f2f2f2 !important;}\u00bb][vc_column][vc_row_inner css=\u00bb.vc_custom_1556540915411{margin-top: 50px !important;}\u00bb][vc_column_inner width=\u00bb1\/6&#8243;][\/vc_column_inner][vc_column_inner width=\u00bb2\/3&#8243;][mk_fancy_title font_family=\u00bbnone\u00bb align=\u00bbcenter\u00bb]\n<h2><span style=\"color: #163392;\">SOLICITAR REVISI\u00d3N<\/span><\/h2>\n[\/mk_fancy_title]\n<div class=\"wpcf7 no-js\" id=\"wpcf7-f468-o1\" lang=\"es-ES\" dir=\"ltr\">\n<div class=\"screen-reader-response\"><p role=\"status\" aria-live=\"polite\" aria-atomic=\"true\"><\/p> <ul><\/ul><\/div>\n<form action=\"\/home\/wp-json\/wp\/v2\/pages\/234#wpcf7-f468-o1\" method=\"post\" class=\"wpcf7-form init\" aria-label=\"Formulario de contacto\" novalidate=\"novalidate\" data-status=\"init\">\n<div style=\"display: none;\">\n<input type=\"hidden\" name=\"_wpcf7\" value=\"468\" \/>\n<input type=\"hidden\" name=\"_wpcf7_version\" value=\"5.8.6\" \/>\n<input type=\"hidden\" name=\"_wpcf7_locale\" value=\"es_ES\" \/>\n<input type=\"hidden\" name=\"_wpcf7_unit_tag\" value=\"wpcf7-f468-o1\" \/>\n<input type=\"hidden\" name=\"_wpcf7_container_post\" value=\"0\" \/>\n<input type=\"hidden\" name=\"_wpcf7_posted_data_hash\" value=\"\" \/>\n<input type=\"hidden\" name=\"_wpcf7_recaptcha_response\" value=\"\" \/>\n<\/div>\n<p><label> Tu nombre (requerido)<br \/>\n<span class=\"wpcf7-form-control-wrap\" data-name=\"your-name\"><input size=\"40\" class=\"wpcf7-form-control wpcf7-text wpcf7-validates-as-required\" aria-required=\"true\" aria-invalid=\"false\" value=\"\" type=\"text\" name=\"your-name\" \/><\/span> <\/label>\n<\/p>\n<p><label> Tu correo electr\u00f3nico (requerido)<br \/>\n<span class=\"wpcf7-form-control-wrap\" data-name=\"your-email\"><input size=\"40\" class=\"wpcf7-form-control wpcf7-email wpcf7-validates-as-required wpcf7-text wpcf7-validates-as-email\" aria-required=\"true\" aria-invalid=\"false\" value=\"\" type=\"email\" name=\"your-email\" \/><\/span> <\/label>\n<\/p>\n<p><label> Tel\u00e9fono (requerido)<br \/>\n<span class=\"wpcf7-form-control-wrap\" data-name=\"telefono\"><input size=\"40\" class=\"wpcf7-form-control wpcf7-tel wpcf7-validates-as-required wpcf7-text wpcf7-validates-as-tel\" aria-required=\"true\" aria-invalid=\"false\" value=\"\" type=\"tel\" name=\"telefono\" \/><\/span><\/label>\n<\/p>\n<p><label> Asunto<br \/>\n<span class=\"wpcf7-form-control-wrap\" data-name=\"your-subject\"><input size=\"40\" class=\"wpcf7-form-control wpcf7-text\" aria-invalid=\"false\" value=\"\" type=\"text\" name=\"your-subject\" \/><\/span> <\/label>\n<\/p>\n<p><label> Tu mensaje<br \/>\n<span class=\"wpcf7-form-control-wrap\" data-name=\"your-message\"><textarea cols=\"40\" rows=\"10\" class=\"wpcf7-form-control wpcf7-textarea\" aria-invalid=\"false\" name=\"your-message\"><\/textarea><\/span> <\/label>\n<\/p>\n<p><span style=\"font-size:12px;line-height:12px\"><span class=\"wpcf7-form-control-wrap\" data-name=\"acceptance-786\"><span class=\"wpcf7-form-control wpcf7-acceptance\"><span class=\"wpcf7-list-item\"><label><input type=\"checkbox\" name=\"acceptance-786\" value=\"1\" aria-invalid=\"false\" \/><span class=\"wpcf7-list-item-label\">Acepto el tratamiento de mis datos personales para las finalidades indicadas en la <a href=\"https:\/\/hogargas.es\/content\/13-politica-de-privacidad\" target=\"_blank\">pol\u00edtica de privacidad<\/a> y el <a href=\"https:\/\/hogargas.es\/content\/2-aviso-legal\" target=\"_blank\">aviso legal<\/a> puestos a mi disposici\u00f3n*.<\/span><\/label><\/span><\/span><\/span><\/span><span style=\"font-size:12px;line-height:12px\"><span class=\"wpcf7-form-control-wrap\" data-name=\"acceptance-788\"><span class=\"wpcf7-form-control wpcf7-acceptance optional\"><span class=\"wpcf7-list-item\"><label><input type=\"checkbox\" name=\"acceptance-788\" value=\"1\" aria-invalid=\"false\" \/><span class=\"wpcf7-list-item-label\">Doy mi consentimiento a HOGARGAS para recibir comunicaciones comerciales electr\u00f3nicas de sus servicios.<\/span><\/label><\/span><\/span><\/span> <\/span>\n<\/p>\n<p><input class=\"wpcf7-form-control wpcf7-submit has-spinner\" type=\"submit\" value=\"Enviar\" \/><br \/>\n<span style=\"font-size:10px;line-height:12px\">*Informaci\u00f3n b\u00e1sica sobre el tratamiento de datos personales conforme al RGPD UE 2016\/679 y a la LOPDGDD 3\/2018.<br \/>\nEn Hogargas con CIF A41021353 y direcci\u00f3n en C\/ Julio C\u00e9sar, 6 41001 (Sevilla), se proceder\u00e1 a tratar los datos de manera l\u00edcita, leal, transparente, adecuada, pertinente, limitada, exacta y actualizada. Asimismo, le indicamos que la finalidad del tratamiento de los datos que nos est\u00e1 facilitando es la de gestionar su consulta a trav\u00e9s de este formulario. Le informamos que los datos proporcionados se conservar\u00e1n mientras se mantenga la relaci\u00f3n entre ambas partes, en todo caso permanecer\u00e1 en nuestro sistema durante el tiempo m\u00e1ximo establecido en la legislaci\u00f3n, salvo que ejercite sus derechos de acceso, rectificaci\u00f3n, limitaci\u00f3n, supresi\u00f3n, portabilidad y oposici\u00f3n al tratamiento ante info@hogargas.es o a la direcci\u00f3n postal e indicando qu\u00e9 derecho est\u00e1 ejerciendo. Para m\u00e1s informaci\u00f3n consulte la Pol\u00edtica de Privacidad de nuestro sitio web Hogargas.es.<\/span>\n<\/p><div class=\"wpcf7-response-output\" aria-hidden=\"true\"><\/div>\n<\/form>\n<\/div>\n[\/vc_column_inner][vc_column_inner width=\u00bb1\/6&#8243;][\/vc_column_inner][\/vc_row_inner][\/vc_column][\/vc_row]\n","protected":false},"excerpt":{"rendered":"<p>[mk_page_section bg_image=\u00bbhttps:\/\/hogargas.es\/home\/wp-content\/uploads\/2019\/04\/natural-gas-burner-flame-on-stove-f69bauy.jpg\u00bb bg_repeat=\u00bbno-repeat\u00bb bg_stretch=\u00bbtrue\u00bb enable_3d=\u00bbtrue\u00bb min_height=\u00bb350&#8243; full_width=\u00bbtrue\u00bb js_vertical_centered=\u00bbtrue\u00bb el_class=\u00bbsombra\u00bb sidebar=\u00bbsidebar-1&#8243;][vc_column][vc_row_inner][vc_column_inner][mk_fancy_title tag_name=\u00bbh1&#8243; font_family=\u00bbnone\u00bb] Revisi\u00f3n Peri\u00f3dica de Gas Butano [\/mk_fancy_title][mk_button size=\u00bblarge\u00bb url=\u00bb#revi\u00bb align=\u00bbcenter\u00bb bg_color=\u00bb#ff8601&#8243;]SOLICITAR REVISI\u00d3N[\/mk_button][\/vc_column_inner][\/vc_row_inner][\/vc_column][\/mk_page_section][vc_row css=\u00bb.vc_custom_1556624027915{padding-top: 50px !important;}\u00bb][vc_column][vc_row_inner css=\u00bb.vc_custom_1556623984508{padding-top: 50px !important;}\u00bb][vc_column_inner width=\u00bb1\/2&#8243;][vc_single_image image=\u00bb524&#8243; img_size=\u00bblarge\u00bb alignment=\u00bbcenter\u00bb style=\u00bbvc_box_shadow_3d\u00bb][\/vc_column_inner][vc_column_inner width=\u00bb1\/2&#8243;][mk_fancy_title font_family=\u00bbnone\u00bb] Servicios de Mantenimiento de Instalaciones de Gas Envasado [\/mk_fancy_title][mk_fancy_title tag_name=\u00bbspan\u00bb size=\u00bb18&#8243; font_family=\u00bbnone\u00bb]La normativa vigente, seg\u00fan RD 919\/2006, establece que [&hellip;]<\/p>\n","protected":false},"author":1,"featured_media":0,"parent":0,"menu_order":0,"comment_status":"closed","ping_status":"closed","template":"","meta":[],"_links":{"self":[{"href":"https:\/\/hogargas.es\/home\/wp-json\/wp\/v2\/pages\/234"}],"collection":[{"href":"https:\/\/hogargas.es\/home\/wp-json\/wp\/v2\/pages"}],"about":[{"href":"https:\/\/hogargas.es\/home\/wp-json\/wp\/v2\/types\/page"}],"author":[{"embeddable":true,"href":"https:\/\/hogargas.es\/home\/wp-json\/wp\/v2\/users\/1"}],"replies":[{"embeddable":true,"href":"https:\/\/hogargas.es\/home\/wp-json\/wp\/v2\/comments?post=234"}],"version-history":[{"count":5,"href":"https:\/\/hogargas.es\/home\/wp-json\/wp\/v2\/pages\/234\/revisions"}],"predecessor-version":[{"id":816,"href":"https:\/\/hogargas.es\/home\/wp-json\/wp\/v2\/pages\/234\/revisions\/816"}],"wp:attachment":[{"href":"https:\/\/hogargas.es\/home\/wp-json\/wp\/v2\/media?parent=234"}],"curies":[{"name":"wp","href":"https:\/\/api.w.org\/{rel}","templated":true}]}}