{"id":238,"date":"2019-01-10T13:10:54","date_gmt":"2019-01-10T13:10:54","guid":{"rendered":"http:\/\/hogargas.es\/home\/?page_id=238"},"modified":"2022-04-04T15:53:48","modified_gmt":"2022-04-04T15:53:48","slug":"instalador-energia-solar","status":"publish","type":"page","link":"https:\/\/hogargas.es\/home\/instalador-energia-solar\/","title":{"rendered":"Instalador Energ\u00eda Solar"},"content":{"rendered":"[mk_page_section bg_image=\u00bbhttps:\/\/hogargas.es\/home\/wp-content\/uploads\/2019\/04\/590image.jpg\u00bb bg_repeat=\u00bbno-repeat\u00bb bg_stretch=\u00bbtrue\u00bb sidebar=\u00bbsidebar-1&#8243;][vc_column css=\u00bb.vc_custom_1556623033016{padding-top: 50px !important;padding-bottom: 50px !important;}\u00bb][vc_row_inner][vc_column_inner][mk_fancy_title font_family=\u00bbnone\u00bb]\n<h1><span style=\"color: #ffffff;\">Instalador de Energ\u00eda Solar en Sevilla<\/span><\/h1>\n<p><span style=\"color: #ffffff;\"><img decoding=\"async\" loading=\"lazy\" src=\"https:\/\/hogargas.es\/img\/cms\/Servicios\/Panel%20solar%20t%C3%A9rmico%201.jpg\" alt=\"\" width=\"176\" height=\"249\" \/>En Hogargas ofrecemos soluciones de energ\u00eda solar tanto para viviendas dom\u00e9sticas como para edificios.<\/span>[\/mk_fancy_title][\/vc_column_inner][\/vc_row_inner][vc_row_inner][vc_column_inner width=\u00bb1\/3&#8243;]\n<div class=\"wpcf7 no-js\" id=\"wpcf7-f447-o1\" lang=\"es-ES\" dir=\"ltr\">\n<div class=\"screen-reader-response\"><p role=\"status\" aria-live=\"polite\" aria-atomic=\"true\"><\/p> <ul><\/ul><\/div>\n<form action=\"\/home\/wp-json\/wp\/v2\/pages\/238#wpcf7-f447-o1\" method=\"post\" class=\"wpcf7-form init\" aria-label=\"Formulario de contacto\" novalidate=\"novalidate\" data-status=\"init\">\n<div style=\"display: none;\">\n<input type=\"hidden\" name=\"_wpcf7\" value=\"447\" \/>\n<input type=\"hidden\" name=\"_wpcf7_version\" value=\"5.8.6\" \/>\n<input type=\"hidden\" name=\"_wpcf7_locale\" value=\"es_ES\" \/>\n<input type=\"hidden\" name=\"_wpcf7_unit_tag\" value=\"wpcf7-f447-o1\" \/>\n<input type=\"hidden\" name=\"_wpcf7_container_post\" value=\"0\" \/>\n<input type=\"hidden\" name=\"_wpcf7_posted_data_hash\" value=\"\" \/>\n<input type=\"hidden\" name=\"_wpcf7_recaptcha_response\" value=\"\" \/>\n<\/div>\n<p><label> Tu nombre (requerido)<br \/>\n<span class=\"wpcf7-form-control-wrap\" data-name=\"your-name\"><input size=\"40\" class=\"wpcf7-form-control wpcf7-text wpcf7-validates-as-required\" aria-required=\"true\" aria-invalid=\"false\" value=\"\" type=\"text\" name=\"your-name\" \/><\/span> <\/label>\n<\/p>\n<p><label> Tu correo electr\u00f3nico (requerido)<br \/>\n<span class=\"wpcf7-form-control-wrap\" data-name=\"your-email\"><input size=\"40\" class=\"wpcf7-form-control wpcf7-email wpcf7-validates-as-required wpcf7-text wpcf7-validates-as-email\" aria-required=\"true\" aria-invalid=\"false\" value=\"\" type=\"email\" name=\"your-email\" \/><\/span> <\/label>\n<\/p>\n<p><label> Tel\u00e9fono (requerido)<br \/>\n<span class=\"wpcf7-form-control-wrap\" data-name=\"telefono\"><input size=\"40\" class=\"wpcf7-form-control wpcf7-tel wpcf7-validates-as-required wpcf7-text wpcf7-validates-as-tel\" aria-required=\"true\" aria-invalid=\"false\" value=\"\" type=\"tel\" name=\"telefono\" \/><\/span><\/label>\n<\/p>\n<p><label> Asunto<br \/>\n<span class=\"wpcf7-form-control-wrap\" data-name=\"your-subject\"><input size=\"40\" class=\"wpcf7-form-control wpcf7-text\" aria-invalid=\"false\" value=\"\" type=\"text\" name=\"your-subject\" \/><\/span> <\/label>\n<\/p>\n<p><label> Tu mensaje<br \/>\n<span class=\"wpcf7-form-control-wrap\" data-name=\"your-message\"><textarea cols=\"40\" rows=\"10\" class=\"wpcf7-form-control wpcf7-textarea\" aria-invalid=\"false\" name=\"your-message\"><\/textarea><\/span> <\/label>\n<\/p>\n<p><span style=\"font-size:12px;line-height:12px\"><span class=\"wpcf7-form-control-wrap\" data-name=\"acceptance-786\"><span class=\"wpcf7-form-control wpcf7-acceptance\"><span class=\"wpcf7-list-item\"><label><input type=\"checkbox\" name=\"acceptance-786\" value=\"1\" aria-invalid=\"false\" \/><span class=\"wpcf7-list-item-label\">Acepto el tratamiento de mis datos personales para las finalidades indicadas en la <a href=\"https:\/\/hogargas.es\/content\/13-politica-de-privacidad\" target=\"_blank\">pol\u00edtica de privacidad<\/a> y el <a href=\"https:\/\/hogargas.es\/content\/2-aviso-legal\" target=\"_blank\">aviso legal<\/a> puestos a mi disposici\u00f3n*.<\/span><\/label><\/span><\/span><\/span><\/span><span style=\"font-size:12px;line-height:12px\"><span class=\"wpcf7-form-control-wrap\" data-name=\"acceptance-788\"><span class=\"wpcf7-form-control wpcf7-acceptance optional\"><span class=\"wpcf7-list-item\"><label><input type=\"checkbox\" name=\"acceptance-788\" value=\"1\" aria-invalid=\"false\" \/><span class=\"wpcf7-list-item-label\">Doy mi consentimiento a HOGARGAS para recibir comunicaciones comerciales electr\u00f3nicas de sus servicios.<\/span><\/label><\/span><\/span><\/span> <\/span>\n<\/p>\n<p><input class=\"wpcf7-form-control wpcf7-submit has-spinner\" type=\"submit\" value=\"Enviar\" \/><br \/>\n<span style=\"font-size:10px;line-height:12px\">*Informaci\u00f3n b\u00e1sica sobre el tratamiento de datos personales conforme al RGPD UE 2016\/679 y a la LOPDGDD 3\/2018.<br \/>\nEn Hogargas con CIF A41021353 y direcci\u00f3n en C\/ Julio C\u00e9sar, 6 41001 (Sevilla), se proceder\u00e1 a tratar los datos de manera l\u00edcita, leal, transparente, adecuada, pertinente, limitada, exacta y actualizada. Asimismo, le indicamos que la finalidad del tratamiento de los datos que nos est\u00e1 facilitando es la de gestionar su consulta a trav\u00e9s de este formulario. Le informamos que los datos proporcionados se conservar\u00e1n mientras se mantenga la relaci\u00f3n entre ambas partes, en todo caso permanecer\u00e1 en nuestro sistema durante el tiempo m\u00e1ximo establecido en la legislaci\u00f3n, salvo que ejercite sus derechos de acceso, rectificaci\u00f3n, limitaci\u00f3n, supresi\u00f3n, portabilidad y oposici\u00f3n al tratamiento ante info@hogargas.es o a la direcci\u00f3n postal e indicando qu\u00e9 derecho est\u00e1 ejerciendo. Para m\u00e1s informaci\u00f3n consulte la Pol\u00edtica de Privacidad de nuestro sitio web Hogargas.es.<\/span>\n<\/p><div class=\"wpcf7-response-output\" aria-hidden=\"true\"><\/div>\n<\/form>\n<\/div>\n[\/vc_column_inner][vc_column_inner width=\u00bb1\/3&#8243;][\/vc_column_inner][vc_column_inner width=\u00bb1\/3&#8243;][\/vc_column_inner][\/vc_row_inner][\/vc_column][\/mk_page_section]\n","protected":false},"excerpt":{"rendered":"<p>[mk_page_section bg_image=\u00bbhttps:\/\/hogargas.es\/home\/wp-content\/uploads\/2019\/04\/590image.jpg\u00bb bg_repeat=\u00bbno-repeat\u00bb bg_stretch=\u00bbtrue\u00bb sidebar=\u00bbsidebar-1&#8243;][vc_column css=\u00bb.vc_custom_1556623033016{padding-top: 50px !important;padding-bottom: 50px !important;}\u00bb][vc_row_inner][vc_column_inner][mk_fancy_title font_family=\u00bbnone\u00bb] Instalador de Energ\u00eda Solar en Sevilla En Hogargas ofrecemos soluciones de energ\u00eda solar tanto para viviendas dom\u00e9sticas como para edificios.[\/mk_fancy_title][\/vc_column_inner][\/vc_row_inner][vc_row_inner][vc_column_inner width=\u00bb1\/3&#8243;][\/vc_column_inner][vc_column_inner width=\u00bb1\/3&#8243;][\/vc_column_inner][vc_column_inner width=\u00bb1\/3&#8243;][\/vc_column_inner][\/vc_row_inner][\/vc_column][\/mk_page_section]<\/p>\n","protected":false},"author":1,"featured_media":0,"parent":0,"menu_order":0,"comment_status":"closed","ping_status":"closed","template":"","meta":[],"_links":{"self":[{"href":"https:\/\/hogargas.es\/home\/wp-json\/wp\/v2\/pages\/238"}],"collection":[{"href":"https:\/\/hogargas.es\/home\/wp-json\/wp\/v2\/pages"}],"about":[{"href":"https:\/\/hogargas.es\/home\/wp-json\/wp\/v2\/types\/page"}],"author":[{"embeddable":true,"href":"https:\/\/hogargas.es\/home\/wp-json\/wp\/v2\/users\/1"}],"replies":[{"embeddable":true,"href":"https:\/\/hogargas.es\/home\/wp-json\/wp\/v2\/comments?post=238"}],"version-history":[{"count":5,"href":"https:\/\/hogargas.es\/home\/wp-json\/wp\/v2\/pages\/238\/revisions"}],"predecessor-version":[{"id":858,"href":"https:\/\/hogargas.es\/home\/wp-json\/wp\/v2\/pages\/238\/revisions\/858"}],"wp:attachment":[{"href":"https:\/\/hogargas.es\/home\/wp-json\/wp\/v2\/media?parent=238"}],"curies":[{"name":"wp","href":"https:\/\/api.w.org\/{rel}","templated":true}]}}