{"id":401,"date":"2019-02-22T10:27:50","date_gmt":"2019-02-22T10:27:50","guid":{"rendered":"http:\/\/hogargas.es\/home\/?page_id=401"},"modified":"2021-05-26T12:55:36","modified_gmt":"2021-05-26T12:55:36","slug":"gas-envasado-butsir","status":"publish","type":"page","link":"https:\/\/hogargas.es\/home\/gas-envasado-butsir\/","title":{"rendered":"GAS ENVASADO BUTSIR"},"content":{"rendered":"[vc_row fullwidth=\u00bbtrue\u00bb el_class=\u00bbsombra\u00bb][vc_column][vc_row_inner attached=\u00bbtrue\u00bb is_fullwidth_content=\u00bbfalse\u00bb css=\u00bb.vc_custom_1579857441718{margin-top: 50px !important;margin-bottom: 50px !important;}\u00bb][vc_column_inner width=\u00bb1\/2&#8243;][vc_single_image image=\u00bb657&#8243; img_size=\u00bbfull\u00bb alignment=\u00bbcenter\u00bb css=\u00bb.vc_custom_1579857465353{padding-top: 50px !important;}\u00bb][\/vc_column_inner][vc_column_inner width=\u00bb1\/2&#8243;][vc_single_image image=\u00bb660&#8243; img_size=\u00bbfull\u00bb alignment=\u00bbcenter\u00bb][\/vc_column_inner][\/vc_row_inner][\/vc_column][\/vc_row][vc_row][vc_column][vc_row_inner attached=\u00bbtrue\u00bb column_padding=\u00bb3&#8243; css=\u00bb.vc_custom_1556796553025{margin-top: 20px !important;margin-bottom: 0px !important;}\u00bb][vc_column_inner width=\u00bb1\/4&#8243;][vc_single_image image=\u00bb406&#8243; img_size=\u00bbfull\u00bb alignment=\u00bbcenter\u00bb onclick=\u00bbcustom_link\u00bb css_animation=\u00bbnone\u00bb css=\u00bb.vc_custom_1556797002451{margin-bottom: 0px !important;}\u00bb el_class=\u00bbshake\u00bb link=\u00bbhttp:\/\/tienda.hogargas.es\/109-botella-gas-butano-rosca-universal-azul-05-kg.html\u00bb][\/vc_column_inner][vc_column_inner width=\u00bb3\/4&#8243;][mk_fancy_title color=\u00bb#141414&#8243; size=\u00bb30&#8243; font_weight=\u00bbbold\u00bb font_family=\u00bbnone\u00bb align=\u00bbright\u00bb responsive_align=\u00bbright\u00bb]<span style=\"color: #2c36a3;\">BOTELLA GAS BUTANO ROSCA UNIVERSAL (AZUL) 0,5 kg<\/span>[\/mk_fancy_title][mk_fancy_title tag_name=\u00bbspan\u00bb color=\u00bb#141414&#8243; size=\u00bb18&#8243; font_family=\u00bbnone\u00bb align=\u00bbright\u00bb responsive_align=\u00bbright\u00bb]SOLO CARGA |\u00a0Bombona de Gas Butano Comercial para aparatos de rosca universal compatible con la v\u00e1lvula est\u00e1ndar europea. M\u00e1xima garant\u00eda de calidad y\u00a0 seguridad en GLP.[\/mk_fancy_title][\/vc_column_inner][\/vc_row_inner][\/vc_column][\/vc_row][vc_row fullwidth=\u00bbtrue\u00bb css=\u00bb.vc_custom_1550822507102{background-color: #f8f8f8 !important;}\u00bb][vc_column][vc_row_inner attached=\u00bbtrue\u00bb is_fullwidth_content=\u00bbfalse\u00bb column_padding=\u00bb3&#8243; css=\u00bb.vc_custom_1550825763205{margin-top: 30px !important;margin-bottom: 30px !important;}\u00bb][vc_column_inner width=\u00bb2\/3&#8243;][mk_fancy_title color=\u00bb#141414&#8243; size=\u00bb25&#8243; font_weight=\u00bbbold\u00bb font_family=\u00bbnone\u00bb responsive_align=\u00bbleft\u00bb]<span style=\"color: #2c36a3;\">BOTELLA GAS BUTANO ROSCA UNIVERSAL (AZUL) 2,8 kg<\/span>[\/mk_fancy_title][mk_fancy_title tag_name=\u00bbspan\u00bb color=\u00bb#141414&#8243; size=\u00bb18&#8243; font_family=\u00bbnone\u00bb responsive_align=\u00bbleft\u00bb]SOLO CARGA | Bombona de Gas Butano Comercial para aparatos de rosca universal compatible con la v\u00e1lvula est\u00e1ndar europea. M\u00e1xima garant\u00eda de calidad y seguridad en GLP.[\/mk_fancy_title][\/vc_column_inner][vc_column_inner width=\u00bb1\/3&#8243;][vc_single_image image=\u00bb407&#8243; img_size=\u00bb180&#215;288&#8243; alignment=\u00bbcenter\u00bb onclick=\u00bbcustom_link\u00bb css_animation=\u00bbnone\u00bb css=\u00bb.vc_custom_1556797024243{margin-bottom: 0px !important;}\u00bb el_class=\u00bbshake\u00bb link=\u00bbhttp:\/\/tienda.hogargas.es\/111-botella-gas-butano-rosca-universal-azul-28-kg.html\u00bb][\/vc_column_inner][\/vc_row_inner][\/vc_column][\/vc_row][vc_row fullwidth=\u00bbtrue\u00bb][vc_column][vc_row_inner attached=\u00bbtrue\u00bb is_fullwidth_content=\u00bbfalse\u00bb column_padding=\u00bb3&#8243; css=\u00bb.vc_custom_1550830502918{margin-top: 30px !important;margin-bottom: 30px !important;}\u00bb][vc_column_inner width=\u00bb1\/4&#8243;][vc_single_image image=\u00bb408&#8243; img_size=\u00bb180&#215;288&#8243; alignment=\u00bbcenter\u00bb onclick=\u00bbcustom_link\u00bb css_animation=\u00bbnone\u00bb css=\u00bb.vc_custom_1556797061089{margin-bottom: 0px !important;}\u00bb el_class=\u00bbshake\u00bb link=\u00bbhttp:\/\/tienda.hogargas.es\/113-botella-gas-butano-rosca-butsir-naranja-2-kg.html\u00bb][\/vc_column_inner][vc_column_inner width=\u00bb3\/4&#8243;][mk_fancy_title color=\u00bb#141414&#8243; size=\u00bb25&#8243; font_weight=\u00bbbold\u00bb font_family=\u00bbnone\u00bb align=\u00bbright\u00bb responsive_align=\u00bbright\u00bb]<span style=\"color: #2c36a3;\">BOTELLA GAS BUTANO ROSCA BUTSIR (NARANJA ) 2 kg<\/span>[\/mk_fancy_title][mk_fancy_title tag_name=\u00bbspan\u00bb color=\u00bb#141414&#8243; size=\u00bb18&#8243; font_family=\u00bbnone\u00bb align=\u00bbright\u00bb responsive_align=\u00bbright\u00bb]SOLO CARGA |\u00a0Bombona de Gas Butano Comercial para aparatos de rosca propia Butsir.[\/mk_fancy_title][\/vc_column_inner][\/vc_row_inner][\/vc_column][\/vc_row][vc_row fullwidth=\u00bbtrue\u00bb css=\u00bb.vc_custom_1550822514702{background-color: #f8f8f8 !important;}\u00bb][vc_column][vc_row_inner attached=\u00bbtrue\u00bb is_fullwidth_content=\u00bbfalse\u00bb column_padding=\u00bb3&#8243; css=\u00bb.vc_custom_1550830517062{margin-top: 30px !important;margin-bottom: 30px !important;}\u00bb][vc_column_inner width=\u00bb2\/3&#8243;][mk_fancy_title color=\u00bb#141414&#8243; size=\u00bb25&#8243; font_weight=\u00bbbold\u00bb font_family=\u00bbnone\u00bb responsive_align=\u00bbleft\u00bb]<span style=\"color: #2c36a3;\">BOTELLA GAS BUTANO ROSCA BUTSIR (NARANJA) 3 kg<\/span>[\/mk_fancy_title][mk_fancy_title tag_name=\u00bbspan\u00bb color=\u00bb#141414&#8243; size=\u00bb18&#8243; font_family=\u00bbnone\u00bb responsive_align=\u00bbleft\u00bb]SOLO CARGA |\u00a0Bombona de Gas Butano Comercial para aparatos de rosca propia Butsir.[\/mk_fancy_title][\/vc_column_inner][vc_column_inner width=\u00bb1\/3&#8243;][vc_single_image image=\u00bb409&#8243; img_size=\u00bb180&#215;288&#8243; alignment=\u00bbcenter\u00bb onclick=\u00bbcustom_link\u00bb css_animation=\u00bbnone\u00bb css=\u00bb.vc_custom_1556797086970{margin-bottom: 0px !important;}\u00bb el_class=\u00bbshake\u00bb link=\u00bbhttp:\/\/tienda.hogargas.es\/114-botella-gas-butano-rosca-butsir-naranja-3-kg.html\u00bb][\/vc_column_inner][\/vc_row_inner][\/vc_column][\/vc_row][vc_row fullwidth=\u00bbtrue\u00bb][vc_column][vc_row_inner css=\u00bb.vc_custom_1550832640663{margin-top: 30px !important;margin-bottom: 30px !important;}\u00bb][vc_column_inner][vc_single_image image=\u00bb369&#8243; img_size=\u00bblarge\u00bb alignment=\u00bbcenter\u00bb][\/vc_column_inner][\/vc_row_inner][\/vc_column][\/vc_row]\n","protected":false},"excerpt":{"rendered":"<p>[vc_row fullwidth=\u00bbtrue\u00bb el_class=\u00bbsombra\u00bb][vc_column][vc_row_inner attached=\u00bbtrue\u00bb is_fullwidth_content=\u00bbfalse\u00bb css=\u00bb.vc_custom_1579857441718{margin-top: 50px !important;margin-bottom: 50px !important;}\u00bb][vc_column_inner width=\u00bb1\/2&#8243;][vc_single_image image=\u00bb657&#8243; img_size=\u00bbfull\u00bb alignment=\u00bbcenter\u00bb css=\u00bb.vc_custom_1579857465353{padding-top: 50px !important;}\u00bb][\/vc_column_inner][vc_column_inner width=\u00bb1\/2&#8243;][vc_single_image image=\u00bb660&#8243; img_size=\u00bbfull\u00bb alignment=\u00bbcenter\u00bb][\/vc_column_inner][\/vc_row_inner][\/vc_column][\/vc_row][vc_row][vc_column][vc_row_inner attached=\u00bbtrue\u00bb column_padding=\u00bb3&#8243; css=\u00bb.vc_custom_1556796553025{margin-top: 20px !important;margin-bottom: 0px !important;}\u00bb][vc_column_inner width=\u00bb1\/4&#8243;][vc_single_image image=\u00bb406&#8243; img_size=\u00bbfull\u00bb alignment=\u00bbcenter\u00bb onclick=\u00bbcustom_link\u00bb css_animation=\u00bbnone\u00bb css=\u00bb.vc_custom_1556797002451{margin-bottom: 0px !important;}\u00bb el_class=\u00bbshake\u00bb link=\u00bbhttp:\/\/tienda.hogargas.es\/109-botella-gas-butano-rosca-universal-azul-05-kg.html\u00bb][\/vc_column_inner][vc_column_inner width=\u00bb3\/4&#8243;][mk_fancy_title color=\u00bb#141414&#8243; size=\u00bb30&#8243; font_weight=\u00bbbold\u00bb font_family=\u00bbnone\u00bb align=\u00bbright\u00bb responsive_align=\u00bbright\u00bb]BOTELLA GAS BUTANO ROSCA UNIVERSAL (AZUL) 0,5 kg[\/mk_fancy_title][mk_fancy_title tag_name=\u00bbspan\u00bb color=\u00bb#141414&#8243; [&hellip;]<\/p>\n","protected":false},"author":1,"featured_media":0,"parent":0,"menu_order":0,"comment_status":"closed","ping_status":"closed","template":"","meta":[],"_links":{"self":[{"href":"https:\/\/hogargas.es\/home\/wp-json\/wp\/v2\/pages\/401"}],"collection":[{"href":"https:\/\/hogargas.es\/home\/wp-json\/wp\/v2\/pages"}],"about":[{"href":"https:\/\/hogargas.es\/home\/wp-json\/wp\/v2\/types\/page"}],"author":[{"embeddable":true,"href":"https:\/\/hogargas.es\/home\/wp-json\/wp\/v2\/users\/1"}],"replies":[{"embeddable":true,"href":"https:\/\/hogargas.es\/home\/wp-json\/wp\/v2\/comments?post=401"}],"version-history":[{"count":5,"href":"https:\/\/hogargas.es\/home\/wp-json\/wp\/v2\/pages\/401\/revisions"}],"predecessor-version":[{"id":659,"href":"https:\/\/hogargas.es\/home\/wp-json\/wp\/v2\/pages\/401\/revisions\/659"}],"wp:attachment":[{"href":"https:\/\/hogargas.es\/home\/wp-json\/wp\/v2\/media?parent=401"}],"curies":[{"name":"wp","href":"https:\/\/api.w.org\/{rel}","templated":true}]}}